{"id":56,"date":"2020-05-15T14:52:37","date_gmt":"2020-05-15T14:52:37","guid":{"rendered":"http:\/\/optomizil.staging.omnespro.ch\/?page_id=56"},"modified":"2020-05-15T15:16:36","modified_gmt":"2020-05-15T15:16:36","slug":"profil-optomizil","status":"publish","type":"page","link":"https:\/\/optomizil.staging.omnespro.ch\/index.php\/profil-optomizil\/","title":{"rendered":"Profil"},"content":{"rendered":"\n<p>Der Gedanke, ein fahrendes Optikergesch\u00e4ft zu gr\u00fcnden, war eine nicht geplante, spontane Idee. Dieser Gedanke war schlussendlich aber nicht mehr vom Tisch zu fegen. Mehr als zwei Jahre sp\u00e4ter, am 1. Juni 2003, wandelte sich der Geistesblitz um in einen Lieferwagen voll optischer Instrumente und in eine tolle Brillenkollektion.<\/p>\n\n\n\n<p>Optomizil ist ein Ein-Mann-Betrieb. Gef\u00fchrt wird das Gesch\u00e4ft von mir, Edi Jacobian, Optikermeister. Ich bin also in jedem Fall Ihr Ansprechpartner und t\u00e4tig auf jedem Gesch\u00e4ftsgebiet.<\/p>\n\n\n\n<figure class=\"wp-block-image size-large\"><img src=\"http:\/\/www.optomizil.ch\/EdiJacobian.jpg\" alt=\"\"\/><\/figure>\n","protected":false},"excerpt":{"rendered":"<p>Der Gedanke, ein fahrendes Optikergesch\u00e4ft zu gr\u00fcnden, war eine nicht geplante, spontane Idee. Dieser Gedanke war schlussendlich aber nicht mehr vom Tisch zu fegen. Mehr als zwei Jahre sp\u00e4ter, am 1. Juni 2003, wandelte sich der Geistesblitz um in einen Lieferwagen voll optischer Instrumente und in eine tolle Brillenkollektion. Optomizil ist ein Ein-Mann-Betrieb. Gef\u00fchrt wirdContinue reading &rarr;<\/p>\n","protected":false},"author":1,"featured_media":0,"parent":0,"menu_order":1,"comment_status":"closed","ping_status":"closed","template":"","meta":[],"yoast_head":"<!-- This site is optimized with the Yoast SEO plugin v14.1 - https:\/\/yoast.com\/wordpress\/plugins\/seo\/ -->\n<title>Profil - Optomizil<\/title>\n<meta name=\"robots\" content=\"index, follow\" \/>\n<meta name=\"googlebot\" content=\"index, follow, max-snippet:-1, max-image-preview:large, max-video-preview:-1\" \/>\n<meta name=\"bingbot\" content=\"index, follow, max-snippet:-1, max-image-preview:large, max-video-preview:-1\" \/>\n<link rel=\"canonical\" href=\"http:\/\/optomizil.staging.omnespro.ch\/index.php\/profil-optomizil\/\" \/>\n<meta property=\"og:locale\" content=\"de_DE\" \/>\n<meta property=\"og:type\" content=\"article\" \/>\n<meta property=\"og:title\" content=\"Profil - Optomizil\" \/>\n<meta property=\"og:description\" content=\"Der Gedanke, ein fahrendes Optikergesch\u00e4ft zu gr\u00fcnden, war eine nicht geplante, spontane Idee. Dieser Gedanke war schlussendlich aber nicht mehr vom Tisch zu fegen. Mehr als zwei Jahre sp\u00e4ter, am 1. Juni 2003, wandelte sich der Geistesblitz um in einen Lieferwagen voll optischer Instrumente und in eine tolle Brillenkollektion. Optomizil ist ein Ein-Mann-Betrieb. Gef\u00fchrt wirdContinue reading &rarr;\" \/>\n<meta property=\"og:url\" content=\"http:\/\/optomizil.staging.omnespro.ch\/index.php\/profil-optomizil\/\" \/>\n<meta property=\"og:site_name\" content=\"Optomizil\" \/>\n<meta property=\"article:modified_time\" content=\"2020-05-15T15:16:36+00:00\" \/>\n<meta property=\"og:image\" content=\"http:\/\/www.optomizil.ch\/EdiJacobian.jpg\" \/>\n<meta name=\"twitter:card\" content=\"summary_large_image\" \/>\n<script type=\"application\/ld+json\" class=\"yoast-schema-graph\">{\"@context\":\"https:\/\/schema.org\",\"@graph\":[{\"@type\":\"WebSite\",\"@id\":\"https:\/\/optomizil.staging.omnespro.ch\/#website\",\"url\":\"https:\/\/optomizil.staging.omnespro.ch\/\",\"name\":\"Optomizil\",\"description\":\"der Optiker kommt nach Hause\",\"potentialAction\":[{\"@type\":\"SearchAction\",\"target\":\"https:\/\/optomizil.staging.omnespro.ch\/?s={search_term_string}\",\"query-input\":\"required name=search_term_string\"}],\"inLanguage\":\"de-CH\"},{\"@type\":\"ImageObject\",\"@id\":\"http:\/\/optomizil.staging.omnespro.ch\/index.php\/profil-optomizil\/#primaryimage\",\"inLanguage\":\"de-CH\",\"url\":\"http:\/\/www.optomizil.ch\/EdiJacobian.jpg\"},{\"@type\":\"WebPage\",\"@id\":\"http:\/\/optomizil.staging.omnespro.ch\/index.php\/profil-optomizil\/#webpage\",\"url\":\"http:\/\/optomizil.staging.omnespro.ch\/index.php\/profil-optomizil\/\",\"name\":\"Profil - Optomizil\",\"isPartOf\":{\"@id\":\"https:\/\/optomizil.staging.omnespro.ch\/#website\"},\"primaryImageOfPage\":{\"@id\":\"http:\/\/optomizil.staging.omnespro.ch\/index.php\/profil-optomizil\/#primaryimage\"},\"datePublished\":\"2020-05-15T14:52:37+00:00\",\"dateModified\":\"2020-05-15T15:16:36+00:00\",\"inLanguage\":\"de-CH\",\"potentialAction\":[{\"@type\":\"ReadAction\",\"target\":[\"http:\/\/optomizil.staging.omnespro.ch\/index.php\/profil-optomizil\/\"]}]}]}<\/script>\n<!-- \/ Yoast SEO plugin. -->","_links":{"self":[{"href":"https:\/\/optomizil.staging.omnespro.ch\/index.php\/wp-json\/wp\/v2\/pages\/56"}],"collection":[{"href":"https:\/\/optomizil.staging.omnespro.ch\/index.php\/wp-json\/wp\/v2\/pages"}],"about":[{"href":"https:\/\/optomizil.staging.omnespro.ch\/index.php\/wp-json\/wp\/v2\/types\/page"}],"author":[{"embeddable":true,"href":"https:\/\/optomizil.staging.omnespro.ch\/index.php\/wp-json\/wp\/v2\/users\/1"}],"replies":[{"embeddable":true,"href":"https:\/\/optomizil.staging.omnespro.ch\/index.php\/wp-json\/wp\/v2\/comments?post=56"}],"version-history":[{"count":1,"href":"https:\/\/optomizil.staging.omnespro.ch\/index.php\/wp-json\/wp\/v2\/pages\/56\/revisions"}],"predecessor-version":[{"id":57,"href":"https:\/\/optomizil.staging.omnespro.ch\/index.php\/wp-json\/wp\/v2\/pages\/56\/revisions\/57"}],"wp:attachment":[{"href":"https:\/\/optomizil.staging.omnespro.ch\/index.php\/wp-json\/wp\/v2\/media?parent=56"}],"curies":[{"name":"wp","href":"https:\/\/api.w.org\/{rel}","templated":true}]}}