{"id":59,"date":"2020-05-15T14:54:04","date_gmt":"2020-05-15T14:54:04","guid":{"rendered":"http:\/\/optomizil.staging.omnespro.ch\/?page_id=59"},"modified":"2021-01-11T21:01:04","modified_gmt":"2021-01-11T21:01:04","slug":"dienstleistungen-optomizil","status":"publish","type":"page","link":"https:\/\/optomizil.staging.omnespro.ch\/index.php\/dienstleistungen-optomizil\/","title":{"rendered":"Dienstleistungen"},"content":{"rendered":"\t\t<div data-elementor-type=\"wp-page\" data-elementor-id=\"59\" class=\"elementor elementor-59\" data-elementor-settings=\"[]\">\n\t\t\t<div class=\"elementor-inner\">\n\t\t\t\t<div class=\"elementor-section-wrap\">\n\t\t\t\t\t\t\t<section class=\"elementor-element elementor-element-f45e3c5 elementor-section-boxed elementor-section-height-default elementor-section-height-default elementor-section elementor-top-section\" data-id=\"f45e3c5\" data-element_type=\"section\">\n\t\t\t\t\t\t<div class=\"elementor-container elementor-column-gap-default\">\n\t\t\t\t<div class=\"elementor-row\">\n\t\t\t\t<div class=\"elementor-element elementor-element-642605f3 elementor-column elementor-col-100 elementor-top-column\" data-id=\"642605f3\" data-element_type=\"column\">\n\t\t\t<div class=\"elementor-column-wrap  elementor-element-populated\">\n\t\t\t\t\t<div class=\"elementor-widget-wrap\">\n\t\t\t\t<div class=\"elementor-element elementor-element-689fb844 elementor-absolute elementor-widget__width-initial elementor-widget elementor-widget-text-editor\" data-id=\"689fb844\" data-element_type=\"widget\" data-settings=\"{&quot;_position&quot;:&quot;absolute&quot;}\" data-widget_type=\"text-editor.default\">\n\t\t\t\t<div class=\"elementor-widget-container\">\n\t\t\t\t\t<div class=\"elementor-text-editor elementor-clearfix\"><!-- wp:paragraph -->\n<p><strong>Sehtest:<\/strong><br \/>Eine Sehberatung kann nach Wunsch eingehend mit einer Glasberatung stattfinden und ist nicht kostenpflichtig.<\/p>\n<!-- \/wp:paragraph --><!-- wp:paragraph -->\n<p>Ein umfangreicher Sehtest wird mit Freude bei Ihnen zu Hause, im B\u00fcro, im Bastelzimmer oder wo immer Sie dies w\u00fcnschen von Optomizil durchgef\u00fchrt.<\/p>\n<!-- \/wp:paragraph --><!-- wp:paragraph -->\n<p><strong>Glasberatung:<\/strong><br \/>Glas ist nicht gleich Glas!<br \/>Je nach Glaskorrektur, Material, Fassungsform und -gr\u00f6sse, kann die Dicke und somit das Gewicht Ihrer Brille beeinflusst werden. Die Fassungsform und -gr\u00f6sse ist abh\u00e4ngig von Ihren Gesichtsz\u00fcgen und Ihrer Gesichts- und Kopfgr\u00f6sse.<br \/>Um sich mit einer individuellen Glaskorrektur Ihre W\u00fcnsche wie gutes Aussehen, optimalen Seh- und Tragekomfort zu erf\u00fcllen, berate ich Sie gerne.<\/p>\n<!-- \/wp:paragraph --><!-- wp:paragraph -->\n<p>Optomizil informiert Sie, welche Gewichtsersparnis bei welchen empfohlenen Glasparametern, und welche Glasmaterialien mit welchem Brillengestell kombiniert werden sollten, d\u00fcrften und\/oder m\u00fcssten.<br \/>F\u00fcr randlose und halbrandlose Brillen k\u00f6nnen Sie sich bei Optomizil anhand eines vor Ort geschossenen Fotos eine Glasform kreieren lassen.<\/p>\n<!-- \/wp:paragraph --><!-- wp:paragraph -->\n<p><strong>Service:<\/strong><br \/>Zum Service-Umfang geh\u00f6rt die Wartung, die Ab\u00e4nderung und die anatomische Anpassung Ihrer Brille vor Ort.<\/p>\n<!-- \/wp:paragraph --><!-- wp:paragraph -->\n<p>Brillenservice wie Reinigung, Ausrichten und Ersatz von Kleinteilen wird ebenso kostenlos vor Ort ausgef\u00fchrt.<\/p>\n<!-- \/wp:paragraph --><!-- wp:paragraph -->\n<p>Allf\u00e4llige Reparaturen, L\u00f6ten oder Kitten werden sofort erledigt!<br \/>Auch Umbauten und Spezialanfertigungen t\u00e4tigt ihr mobiler Optiker.<\/p>\n<!-- \/wp:paragraph --><!-- wp:paragraph -->\n<p>Namensgravuren in den Brillenb\u00fcgel werden kostenlos angeboten.<\/p>\n<!-- \/wp:paragraph --><!-- wp:paragraph -->\n<p>Ebenso Mode- und Produktberatung wird als Dienstleistung angeboten.<br \/>Gerne informiere ich Sie auch \u00fcber Kassenleistungen.<\/p>\n<!-- \/wp:paragraph --><!-- wp:paragraph -->\n<p>\u00a0<\/p>\n<!-- \/wp:paragraph --><\/div>\n\t\t\t\t<\/div>\n\t\t\t\t<\/div>\n\t\t\t\t\t\t<\/div>\n\t\t\t<\/div>\n\t\t<\/div>\n\t\t\t\t\t\t<\/div>\n\t\t\t<\/div>\n\t\t<\/section>\n\t\t\t\t\t\t<\/div>\n\t\t\t<\/div>\n\t\t<\/div>\n\t\t","protected":false},"excerpt":{"rendered":"<p>Sehtest:Eine Sehberatung kann nach Wunsch eingehend mit einer Glasberatung stattfinden und ist nicht kostenpflichtig. Ein umfangreicher Sehtest wird mit Freude bei Ihnen zu Hause, im B\u00fcro, im Bastelzimmer oder wo immer Sie dies w\u00fcnschen von Optomizil durchgef\u00fchrt. Glasberatung:Glas ist nicht gleich Glas!Je nach Glaskorrektur, Material, Fassungsform und -gr\u00f6sse, kann die Dicke und somit das GewichtContinue reading &rarr;<\/p>\n","protected":false},"author":1,"featured_media":0,"parent":0,"menu_order":2,"comment_status":"closed","ping_status":"closed","template":"","meta":[],"yoast_head":"<!-- This site is optimized with the Yoast SEO plugin v14.1 - https:\/\/yoast.com\/wordpress\/plugins\/seo\/ -->\n<title>Dienstleistungen - Optomizil<\/title>\n<meta name=\"robots\" content=\"index, follow\" \/>\n<meta name=\"googlebot\" content=\"index, follow, max-snippet:-1, max-image-preview:large, max-video-preview:-1\" \/>\n<meta name=\"bingbot\" content=\"index, follow, max-snippet:-1, max-image-preview:large, max-video-preview:-1\" \/>\n<link rel=\"canonical\" href=\"http:\/\/optomizil.staging.omnespro.ch\/index.php\/dienstleistungen-optomizil\/\" \/>\n<meta property=\"og:locale\" content=\"de_DE\" \/>\n<meta property=\"og:type\" content=\"article\" \/>\n<meta property=\"og:title\" content=\"Dienstleistungen - Optomizil\" \/>\n<meta property=\"og:description\" content=\"Sehtest:Eine Sehberatung kann nach Wunsch eingehend mit einer Glasberatung stattfinden und ist nicht kostenpflichtig. Ein umfangreicher Sehtest wird mit Freude bei Ihnen zu Hause, im B\u00fcro, im Bastelzimmer oder wo immer Sie dies w\u00fcnschen von Optomizil durchgef\u00fchrt. Glasberatung:Glas ist nicht gleich Glas!Je nach Glaskorrektur, Material, Fassungsform und -gr\u00f6sse, kann die Dicke und somit das GewichtContinue reading &rarr;\" \/>\n<meta property=\"og:url\" content=\"http:\/\/optomizil.staging.omnespro.ch\/index.php\/dienstleistungen-optomizil\/\" \/>\n<meta property=\"og:site_name\" content=\"Optomizil\" \/>\n<meta property=\"article:modified_time\" content=\"2021-01-11T21:01:04+00:00\" \/>\n<meta name=\"twitter:card\" content=\"summary_large_image\" \/>\n<script type=\"application\/ld+json\" class=\"yoast-schema-graph\">{\"@context\":\"https:\/\/schema.org\",\"@graph\":[{\"@type\":\"WebSite\",\"@id\":\"https:\/\/optomizil.staging.omnespro.ch\/#website\",\"url\":\"https:\/\/optomizil.staging.omnespro.ch\/\",\"name\":\"Optomizil\",\"description\":\"der Optiker kommt nach Hause\",\"potentialAction\":[{\"@type\":\"SearchAction\",\"target\":\"https:\/\/optomizil.staging.omnespro.ch\/?s={search_term_string}\",\"query-input\":\"required name=search_term_string\"}],\"inLanguage\":\"de-CH\"},{\"@type\":\"WebPage\",\"@id\":\"http:\/\/optomizil.staging.omnespro.ch\/index.php\/dienstleistungen-optomizil\/#webpage\",\"url\":\"http:\/\/optomizil.staging.omnespro.ch\/index.php\/dienstleistungen-optomizil\/\",\"name\":\"Dienstleistungen - Optomizil\",\"isPartOf\":{\"@id\":\"https:\/\/optomizil.staging.omnespro.ch\/#website\"},\"datePublished\":\"2020-05-15T14:54:04+00:00\",\"dateModified\":\"2021-01-11T21:01:04+00:00\",\"inLanguage\":\"de-CH\",\"potentialAction\":[{\"@type\":\"ReadAction\",\"target\":[\"http:\/\/optomizil.staging.omnespro.ch\/index.php\/dienstleistungen-optomizil\/\"]}]}]}<\/script>\n<!-- \/ Yoast SEO plugin. -->","_links":{"self":[{"href":"https:\/\/optomizil.staging.omnespro.ch\/index.php\/wp-json\/wp\/v2\/pages\/59"}],"collection":[{"href":"https:\/\/optomizil.staging.omnespro.ch\/index.php\/wp-json\/wp\/v2\/pages"}],"about":[{"href":"https:\/\/optomizil.staging.omnespro.ch\/index.php\/wp-json\/wp\/v2\/types\/page"}],"author":[{"embeddable":true,"href":"https:\/\/optomizil.staging.omnespro.ch\/index.php\/wp-json\/wp\/v2\/users\/1"}],"replies":[{"embeddable":true,"href":"https:\/\/optomizil.staging.omnespro.ch\/index.php\/wp-json\/wp\/v2\/comments?post=59"}],"version-history":[{"count":4,"href":"https:\/\/optomizil.staging.omnespro.ch\/index.php\/wp-json\/wp\/v2\/pages\/59\/revisions"}],"predecessor-version":[{"id":136,"href":"https:\/\/optomizil.staging.omnespro.ch\/index.php\/wp-json\/wp\/v2\/pages\/59\/revisions\/136"}],"wp:attachment":[{"href":"https:\/\/optomizil.staging.omnespro.ch\/index.php\/wp-json\/wp\/v2\/media?parent=59"}],"curies":[{"name":"wp","href":"https:\/\/api.w.org\/{rel}","templated":true}]}}