{"id":61,"date":"2020-05-15T14:55:13","date_gmt":"2020-05-15T14:55:13","guid":{"rendered":"http:\/\/optomizil.staging.omnespro.ch\/?page_id=61"},"modified":"2020-05-16T08:36:03","modified_gmt":"2020-05-16T08:36:03","slug":"preise-optomizil","status":"publish","type":"page","link":"https:\/\/optomizil.staging.omnespro.ch\/index.php\/preise-optomizil\/","title":{"rendered":"FAQ"},"content":{"rendered":"\n<p><strong>Was ist der Unterschied zwischen dem Sehtest im Laden und dem Sehtest vor Ort?<\/strong><\/p>\n\n\n\n<p>Bei Optomizil wird der Sehtest meist in einer Distanz von 2 Metern ausgef\u00fcrt. Im Laden zwischen 4 und 6 Metern. Im Nachhinein werden Fern- und Lesedistanzen in den jeweiligen Entfernungen abgeglichen.<\/p>\n\n\n\n<p><strong>Was sind Gl\u00e4ser mit Blaufilter?<\/strong><\/p>\n\n\n\n<p>Digitale Ger\u00e4te emittieren blaues Licht, welches unseren nat\u00fcrlichen Tag-Nacht-Rhythmus st\u00f6ren kann. Mit einer entsprechenden Brillenglasveredelung wirdk\u00fcnstliches blaues Licht gefiltert und das Ergebnis sind entspannte und frische Augen und ein gesunder Schlaf.<\/p>\n\n\n\n<p><strong>Was kostet mich die Anfahrt?<\/strong><\/p>\n\n\n\n<p>Die Anfahrt ist kostenlos!<\/p>\n\n\n\n<p><strong>Wie sind die Preise festgelegt?<\/strong><\/p>\n\n\n\n<p>Wie beim traditionellen Fachgesch\u00e4ft. So werden auch Dienstleistungen wie Brillenservice und die anatomische Anpassung nicht in Rechnung gestellt.<\/p>\n\n\n\n<p><\/p>\n","protected":false},"excerpt":{"rendered":"<p>Was ist der Unterschied zwischen dem Sehtest im Laden und dem Sehtest vor Ort? Bei Optomizil wird der Sehtest meist in einer Distanz von 2 Metern ausgef\u00fcrt. Im Laden zwischen 4 und 6 Metern. Im Nachhinein werden Fern- und Lesedistanzen in den jeweiligen Entfernungen abgeglichen. Was sind Gl\u00e4ser mit Blaufilter? Digitale Ger\u00e4te emittieren blaues Licht,Continue reading &rarr;<\/p>\n","protected":false},"author":1,"featured_media":0,"parent":0,"menu_order":3,"comment_status":"closed","ping_status":"closed","template":"","meta":[],"yoast_head":"<!-- This site is optimized with the Yoast SEO plugin v14.1 - https:\/\/yoast.com\/wordpress\/plugins\/seo\/ -->\n<title>FAQ - Optomizil<\/title>\n<meta name=\"robots\" content=\"index, follow\" \/>\n<meta name=\"googlebot\" content=\"index, follow, max-snippet:-1, max-image-preview:large, max-video-preview:-1\" \/>\n<meta name=\"bingbot\" content=\"index, follow, max-snippet:-1, max-image-preview:large, max-video-preview:-1\" \/>\n<link rel=\"canonical\" href=\"http:\/\/optomizil.staging.omnespro.ch\/index.php\/preise-optomizil\/\" \/>\n<meta property=\"og:locale\" content=\"de_DE\" \/>\n<meta property=\"og:type\" content=\"article\" \/>\n<meta property=\"og:title\" content=\"FAQ - Optomizil\" \/>\n<meta property=\"og:description\" content=\"Was ist der Unterschied zwischen dem Sehtest im Laden und dem Sehtest vor Ort? Bei Optomizil wird der Sehtest meist in einer Distanz von 2 Metern ausgef\u00fcrt. Im Laden zwischen 4 und 6 Metern. Im Nachhinein werden Fern- und Lesedistanzen in den jeweiligen Entfernungen abgeglichen. Was sind Gl\u00e4ser mit Blaufilter? Digitale Ger\u00e4te emittieren blaues Licht,Continue reading &rarr;\" \/>\n<meta property=\"og:url\" content=\"http:\/\/optomizil.staging.omnespro.ch\/index.php\/preise-optomizil\/\" \/>\n<meta property=\"og:site_name\" content=\"Optomizil\" \/>\n<meta property=\"article:modified_time\" content=\"2020-05-16T08:36:03+00:00\" \/>\n<meta name=\"twitter:card\" content=\"summary_large_image\" \/>\n<script type=\"application\/ld+json\" class=\"yoast-schema-graph\">{\"@context\":\"https:\/\/schema.org\",\"@graph\":[{\"@type\":\"WebSite\",\"@id\":\"https:\/\/optomizil.staging.omnespro.ch\/#website\",\"url\":\"https:\/\/optomizil.staging.omnespro.ch\/\",\"name\":\"Optomizil\",\"description\":\"der Optiker kommt nach Hause\",\"potentialAction\":[{\"@type\":\"SearchAction\",\"target\":\"https:\/\/optomizil.staging.omnespro.ch\/?s={search_term_string}\",\"query-input\":\"required name=search_term_string\"}],\"inLanguage\":\"de-CH\"},{\"@type\":\"WebPage\",\"@id\":\"http:\/\/optomizil.staging.omnespro.ch\/index.php\/preise-optomizil\/#webpage\",\"url\":\"http:\/\/optomizil.staging.omnespro.ch\/index.php\/preise-optomizil\/\",\"name\":\"FAQ - Optomizil\",\"isPartOf\":{\"@id\":\"https:\/\/optomizil.staging.omnespro.ch\/#website\"},\"datePublished\":\"2020-05-15T14:55:13+00:00\",\"dateModified\":\"2020-05-16T08:36:03+00:00\",\"inLanguage\":\"de-CH\",\"potentialAction\":[{\"@type\":\"ReadAction\",\"target\":[\"http:\/\/optomizil.staging.omnespro.ch\/index.php\/preise-optomizil\/\"]}]}]}<\/script>\n<!-- \/ Yoast SEO plugin. -->","_links":{"self":[{"href":"https:\/\/optomizil.staging.omnespro.ch\/index.php\/wp-json\/wp\/v2\/pages\/61"}],"collection":[{"href":"https:\/\/optomizil.staging.omnespro.ch\/index.php\/wp-json\/wp\/v2\/pages"}],"about":[{"href":"https:\/\/optomizil.staging.omnespro.ch\/index.php\/wp-json\/wp\/v2\/types\/page"}],"author":[{"embeddable":true,"href":"https:\/\/optomizil.staging.omnespro.ch\/index.php\/wp-json\/wp\/v2\/users\/1"}],"replies":[{"embeddable":true,"href":"https:\/\/optomizil.staging.omnespro.ch\/index.php\/wp-json\/wp\/v2\/comments?post=61"}],"version-history":[{"count":2,"href":"https:\/\/optomizil.staging.omnespro.ch\/index.php\/wp-json\/wp\/v2\/pages\/61\/revisions"}],"predecessor-version":[{"id":85,"href":"https:\/\/optomizil.staging.omnespro.ch\/index.php\/wp-json\/wp\/v2\/pages\/61\/revisions\/85"}],"wp:attachment":[{"href":"https:\/\/optomizil.staging.omnespro.ch\/index.php\/wp-json\/wp\/v2\/media?parent=61"}],"curies":[{"name":"wp","href":"https:\/\/api.w.org\/{rel}","templated":true}]}}