{"id":63,"date":"2020-05-15T14:56:14","date_gmt":"2020-05-15T14:56:14","guid":{"rendered":"http:\/\/optomizil.staging.omnespro.ch\/?page_id=63"},"modified":"2020-05-16T12:04:02","modified_gmt":"2020-05-16T12:04:02","slug":"kontakt-optomizil","status":"publish","type":"page","link":"https:\/\/optomizil.staging.omnespro.ch\/index.php\/kontakt-optomizil\/","title":{"rendered":"Kontakt"},"content":{"rendered":"\n<div class=\"wp-block-group\"><div class=\"wp-block-group__inner-container\">\n<p style=\"line-height:1.4\">Optomizil<br>E. Jacobian<br>Postlagernd<br>4013 Basel<\/p>\n\n\n\n<p style=\"line-height:1.4\">Telefon  061 602 04 06<br>Mobile    076 364 70 02<br><a href=\"mailto:info@optomizil.ch\">info@optomizil.ch<\/a><\/p>\n<\/div><\/div>\n\n\n\n<p style=\"line-height:1.4\">Gerne bin ich von Montag bis Samstag von 8:00 Uhr morgens bis 20:00 Uhr abends f\u00fcr Sie unterwegs.<\/p>\n\n\n\n<p style=\"line-height:1.4\">Ich bin f\u00fcr jedes Ihrer Anliegen offen und freue mich auf Ihre Kontaktaufnahme.<\/p>\n\n\n\n<p style=\"line-height:1.4\">Auch freue ich mich \u00fcber Ihr Feedback, was Sie von der Unternehmung sowie den Serviceangeboten und Produkten halten.<br>Denn Ihre Meinung ist mir wichtig!<\/p>\n","protected":false},"excerpt":{"rendered":"<p>Gerne bin ich von Montag bis Samstag von 8:00 Uhr morgens bis 20:00 Uhr abends f\u00fcr Sie unterwegs. Ich bin f\u00fcr jedes Ihrer Anliegen offen und freue mich auf Ihre Kontaktaufnahme. Auch freue ich mich \u00fcber Ihr Feedback, was Sie von der Unternehmung sowie den Serviceangeboten und Produkten halten.Denn Ihre Meinung ist mir wichtig!<\/p>\n","protected":false},"author":1,"featured_media":0,"parent":0,"menu_order":4,"comment_status":"closed","ping_status":"closed","template":"","meta":[],"yoast_head":"<!-- This site is optimized with the Yoast SEO plugin v14.1 - https:\/\/yoast.com\/wordpress\/plugins\/seo\/ -->\n<title>Kontakt - Optomizil<\/title>\n<meta name=\"robots\" content=\"index, follow\" \/>\n<meta name=\"googlebot\" content=\"index, follow, max-snippet:-1, max-image-preview:large, max-video-preview:-1\" \/>\n<meta name=\"bingbot\" content=\"index, follow, max-snippet:-1, max-image-preview:large, max-video-preview:-1\" \/>\n<link rel=\"canonical\" href=\"http:\/\/optomizil.staging.omnespro.ch\/index.php\/kontakt-optomizil\/\" \/>\n<meta property=\"og:locale\" content=\"de_DE\" \/>\n<meta property=\"og:type\" content=\"article\" \/>\n<meta property=\"og:title\" content=\"Kontakt - Optomizil\" \/>\n<meta property=\"og:description\" content=\"Gerne bin ich von Montag bis Samstag von 8:00 Uhr morgens bis 20:00 Uhr abends f\u00fcr Sie unterwegs. Ich bin f\u00fcr jedes Ihrer Anliegen offen und freue mich auf Ihre Kontaktaufnahme. Auch freue ich mich \u00fcber Ihr Feedback, was Sie von der Unternehmung sowie den Serviceangeboten und Produkten halten.Denn Ihre Meinung ist mir wichtig!\" \/>\n<meta property=\"og:url\" content=\"http:\/\/optomizil.staging.omnespro.ch\/index.php\/kontakt-optomizil\/\" \/>\n<meta property=\"og:site_name\" content=\"Optomizil\" \/>\n<meta property=\"article:modified_time\" content=\"2020-05-16T12:04:02+00:00\" \/>\n<meta name=\"twitter:card\" content=\"summary_large_image\" \/>\n<script type=\"application\/ld+json\" class=\"yoast-schema-graph\">{\"@context\":\"https:\/\/schema.org\",\"@graph\":[{\"@type\":\"WebSite\",\"@id\":\"https:\/\/optomizil.staging.omnespro.ch\/#website\",\"url\":\"https:\/\/optomizil.staging.omnespro.ch\/\",\"name\":\"Optomizil\",\"description\":\"der Optiker kommt nach Hause\",\"potentialAction\":[{\"@type\":\"SearchAction\",\"target\":\"https:\/\/optomizil.staging.omnespro.ch\/?s={search_term_string}\",\"query-input\":\"required name=search_term_string\"}],\"inLanguage\":\"de-CH\"},{\"@type\":\"WebPage\",\"@id\":\"http:\/\/optomizil.staging.omnespro.ch\/index.php\/kontakt-optomizil\/#webpage\",\"url\":\"http:\/\/optomizil.staging.omnespro.ch\/index.php\/kontakt-optomizil\/\",\"name\":\"Kontakt - Optomizil\",\"isPartOf\":{\"@id\":\"https:\/\/optomizil.staging.omnespro.ch\/#website\"},\"datePublished\":\"2020-05-15T14:56:14+00:00\",\"dateModified\":\"2020-05-16T12:04:02+00:00\",\"inLanguage\":\"de-CH\",\"potentialAction\":[{\"@type\":\"ReadAction\",\"target\":[\"http:\/\/optomizil.staging.omnespro.ch\/index.php\/kontakt-optomizil\/\"]}]}]}<\/script>\n<!-- \/ Yoast SEO plugin. -->","_links":{"self":[{"href":"https:\/\/optomizil.staging.omnespro.ch\/index.php\/wp-json\/wp\/v2\/pages\/63"}],"collection":[{"href":"https:\/\/optomizil.staging.omnespro.ch\/index.php\/wp-json\/wp\/v2\/pages"}],"about":[{"href":"https:\/\/optomizil.staging.omnespro.ch\/index.php\/wp-json\/wp\/v2\/types\/page"}],"author":[{"embeddable":true,"href":"https:\/\/optomizil.staging.omnespro.ch\/index.php\/wp-json\/wp\/v2\/users\/1"}],"replies":[{"embeddable":true,"href":"https:\/\/optomizil.staging.omnespro.ch\/index.php\/wp-json\/wp\/v2\/comments?post=63"}],"version-history":[{"count":5,"href":"https:\/\/optomizil.staging.omnespro.ch\/index.php\/wp-json\/wp\/v2\/pages\/63\/revisions"}],"predecessor-version":[{"id":107,"href":"https:\/\/optomizil.staging.omnespro.ch\/index.php\/wp-json\/wp\/v2\/pages\/63\/revisions\/107"}],"wp:attachment":[{"href":"https:\/\/optomizil.staging.omnespro.ch\/index.php\/wp-json\/wp\/v2\/media?parent=63"}],"curies":[{"name":"wp","href":"https:\/\/api.w.org\/{rel}","templated":true}]}}