{"id":67,"date":"2020-05-15T15:00:38","date_gmt":"2020-05-15T15:00:38","guid":{"rendered":"http:\/\/optomizil.staging.omnespro.ch\/?page_id=67"},"modified":"2021-01-11T20:56:27","modified_gmt":"2021-01-11T20:56:27","slug":"startseite-optomizil","status":"publish","type":"page","link":"https:\/\/optomizil.staging.omnespro.ch\/","title":{"rendered":"Startseite"},"content":{"rendered":"\t\t<div data-elementor-type=\"wp-page\" data-elementor-id=\"67\" class=\"elementor elementor-67\" data-elementor-settings=\"[]\">\n\t\t\t<div class=\"elementor-inner\">\n\t\t\t\t<div class=\"elementor-section-wrap\">\n\t\t\t\t\t\t\t<section class=\"elementor-element elementor-element-9f139da elementor-section-stretched elementor-section-boxed elementor-section-height-default elementor-section-height-default elementor-section elementor-top-section\" data-id=\"9f139da\" data-element_type=\"section\" data-settings=\"{&quot;stretch_section&quot;:&quot;section-stretched&quot;}\">\n\t\t\t\t\t\t<div class=\"elementor-container elementor-column-gap-default\">\n\t\t\t\t<div class=\"elementor-row\">\n\t\t\t\t<div class=\"elementor-element elementor-element-c393af5 elementor-column elementor-col-100 elementor-top-column\" data-id=\"c393af5\" data-element_type=\"column\">\n\t\t\t<div class=\"elementor-column-wrap  elementor-element-populated\">\n\t\t\t\t\t<div class=\"elementor-widget-wrap\">\n\t\t\t\t<div class=\"elementor-element elementor-element-1f447a15 elementor-absolute elementor-widget__width-initial elementor-widget elementor-widget-text-editor\" data-id=\"1f447a15\" data-element_type=\"widget\" data-settings=\"{&quot;_position&quot;:&quot;absolute&quot;}\" data-widget_type=\"text-editor.default\">\n\t\t\t\t<div class=\"elementor-widget-container\">\n\t\t\t\t\t<div class=\"elementor-text-editor elementor-clearfix\"><!-- wp:paragraph -->\n<p>Willkommen auf der Internetseite der Firma Optomizil, Ihrem mobilen Optiker!<\/p>\n<!-- \/wp:paragraph -->\n\n<!-- wp:paragraph -->\n<p>Optomizil ist ein Optikergesch\u00e4ft mit Sitz in Basel. Das Unternehmen ist wie der Name schon sagt die Optik \u00e0 domizil, also bei Ihnen zu Hause. So werden Sie im Gegensatz zum traditionellen Gesch\u00e4ft, an jedem beliebigen Platz \u00fcber Brillen beraten.<\/p>\n<!-- \/wp:paragraph -->\n\n<!-- wp:paragraph -->\n<p>Die St\u00e4rke der Unternehmung als mobiler Optiker ist die Flexibilit\u00e4t in jeder Situation und an jeder Adresse die optimale Brille zu empfehlen und Sie an Ihrem Domizil zufrieden zu stellen.<br>Endlich k\u00f6nnen Sie zum Beispiel Ihre Arbeitsbrille an Ort und Stelle testen!<br>1:1 abgestimmt auf Ihren Arbeitsplatz werden unterschiedliche Glastypen und St\u00e4rken verglichen.<\/p>\n<!-- \/wp:paragraph -->\n\n<!-- wp:paragraph -->\n<p>Die Brillenfassung wird Ihnen aus einem Brillen-Pr\u00e4sentationskoffer gezaubert. Sie profitieren von einer umfangreichen und aktuellen Brillenkollektion.<\/p>\n<!-- \/wp:paragraph -->\n\n<!-- wp:paragraph -->\n<p>Die Meinung Ihrer Bekannten ist Ihnen bei der Brillenwahl wichtig?<br>Sie k\u00f6nnen ungeniert Angeh\u00f6rige zu sich mit einladen.<\/p>\n<!-- \/wp:paragraph -->\n\n<!-- wp:paragraph -->\n<p>F\u00fcr jegliche Fragen rund um die Brille wenden Sie sich vertrauensvoll an ihren mobilen Optiker von Optomizil.<\/p>\n<!-- \/wp:paragraph --><\/div>\n\t\t\t\t<\/div>\n\t\t\t\t<\/div>\n\t\t\t\t\t\t<\/div>\n\t\t\t<\/div>\n\t\t<\/div>\n\t\t\t\t\t\t<\/div>\n\t\t\t<\/div>\n\t\t<\/section>\n\t\t\t\t\t\t<\/div>\n\t\t\t<\/div>\n\t\t<\/div>\n\t\t","protected":false},"excerpt":{"rendered":"<p>Willkommen auf der Internetseite der Firma Optomizil, Ihrem mobilen Optiker! Optomizil ist ein Optikergesch\u00e4ft mit Sitz in Basel. Das Unternehmen ist wie der Name schon sagt die Optik \u00e0 domizil, also bei Ihnen zu Hause. So werden Sie im Gegensatz zum traditionellen Gesch\u00e4ft, an jedem beliebigen Platz \u00fcber Brillen beraten. Die St\u00e4rke der Unternehmung alsContinue reading &rarr;<\/p>\n","protected":false},"author":1,"featured_media":0,"parent":0,"menu_order":0,"comment_status":"closed","ping_status":"closed","template":"","meta":[],"yoast_head":"<!-- This site is optimized with the Yoast SEO plugin v14.1 - https:\/\/yoast.com\/wordpress\/plugins\/seo\/ -->\n<title>Startseite - Optomizil<\/title>\n<meta name=\"robots\" content=\"index, follow\" \/>\n<meta name=\"googlebot\" content=\"index, follow, max-snippet:-1, max-image-preview:large, max-video-preview:-1\" \/>\n<meta name=\"bingbot\" content=\"index, follow, max-snippet:-1, max-image-preview:large, max-video-preview:-1\" \/>\n<link rel=\"canonical\" href=\"http:\/\/optomizil.staging.omnespro.ch\/\" \/>\n<meta property=\"og:locale\" content=\"de_DE\" \/>\n<meta property=\"og:type\" content=\"article\" \/>\n<meta property=\"og:title\" content=\"Startseite - Optomizil\" \/>\n<meta property=\"og:description\" content=\"Willkommen auf der Internetseite der Firma Optomizil, Ihrem mobilen Optiker! Optomizil ist ein Optikergesch\u00e4ft mit Sitz in Basel. Das Unternehmen ist wie der Name schon sagt die Optik \u00e0 domizil, also bei Ihnen zu Hause. So werden Sie im Gegensatz zum traditionellen Gesch\u00e4ft, an jedem beliebigen Platz \u00fcber Brillen beraten. Die St\u00e4rke der Unternehmung alsContinue reading &rarr;\" \/>\n<meta property=\"og:url\" content=\"http:\/\/optomizil.staging.omnespro.ch\/\" \/>\n<meta property=\"og:site_name\" content=\"Optomizil\" \/>\n<meta property=\"article:modified_time\" content=\"2021-01-11T20:56:27+00:00\" \/>\n<meta name=\"twitter:card\" content=\"summary_large_image\" \/>\n<script type=\"application\/ld+json\" class=\"yoast-schema-graph\">{\"@context\":\"https:\/\/schema.org\",\"@graph\":[{\"@type\":\"WebSite\",\"@id\":\"https:\/\/optomizil.staging.omnespro.ch\/#website\",\"url\":\"https:\/\/optomizil.staging.omnespro.ch\/\",\"name\":\"Optomizil\",\"description\":\"der Optiker kommt nach Hause\",\"potentialAction\":[{\"@type\":\"SearchAction\",\"target\":\"https:\/\/optomizil.staging.omnespro.ch\/?s={search_term_string}\",\"query-input\":\"required name=search_term_string\"}],\"inLanguage\":\"de-CH\"},{\"@type\":\"WebPage\",\"@id\":\"http:\/\/optomizil.staging.omnespro.ch\/#webpage\",\"url\":\"http:\/\/optomizil.staging.omnespro.ch\/\",\"name\":\"Startseite - Optomizil\",\"isPartOf\":{\"@id\":\"https:\/\/optomizil.staging.omnespro.ch\/#website\"},\"datePublished\":\"2020-05-15T15:00:38+00:00\",\"dateModified\":\"2021-01-11T20:56:27+00:00\",\"inLanguage\":\"de-CH\",\"potentialAction\":[{\"@type\":\"ReadAction\",\"target\":[\"http:\/\/optomizil.staging.omnespro.ch\/\"]}]}]}<\/script>\n<!-- \/ Yoast SEO plugin. -->","_links":{"self":[{"href":"https:\/\/optomizil.staging.omnespro.ch\/index.php\/wp-json\/wp\/v2\/pages\/67"}],"collection":[{"href":"https:\/\/optomizil.staging.omnespro.ch\/index.php\/wp-json\/wp\/v2\/pages"}],"about":[{"href":"https:\/\/optomizil.staging.omnespro.ch\/index.php\/wp-json\/wp\/v2\/types\/page"}],"author":[{"embeddable":true,"href":"https:\/\/optomizil.staging.omnespro.ch\/index.php\/wp-json\/wp\/v2\/users\/1"}],"replies":[{"embeddable":true,"href":"https:\/\/optomizil.staging.omnespro.ch\/index.php\/wp-json\/wp\/v2\/comments?post=67"}],"version-history":[{"count":8,"href":"https:\/\/optomizil.staging.omnespro.ch\/index.php\/wp-json\/wp\/v2\/pages\/67\/revisions"}],"predecessor-version":[{"id":135,"href":"https:\/\/optomizil.staging.omnespro.ch\/index.php\/wp-json\/wp\/v2\/pages\/67\/revisions\/135"}],"wp:attachment":[{"href":"https:\/\/optomizil.staging.omnespro.ch\/index.php\/wp-json\/wp\/v2\/media?parent=67"}],"curies":[{"name":"wp","href":"https:\/\/api.w.org\/{rel}","templated":true}]}}